{"id":29,"date":"2018-02-02T10:01:42","date_gmt":"2018-02-02T09:01:42","guid":{"rendered":"http:\/\/artetipo.es\/WEBOUT\/antoniodamian\/?page_id=29"},"modified":"2024-06-18T12:15:08","modified_gmt":"2024-06-18T10:15:08","slug":"sobre-mi","status":"publish","type":"page","link":"https:\/\/artetipo.es\/WEBOUT\/antoniodamian\/sobre-mi\/","title":{"rendered":"Sobre mi"},"content":{"rendered":"\n<p>Nac\u00ed en 1957, en La Puerta de Segura, Ja\u00e9n. Mi residencia desde hace m\u00e1s de cuarenta a\u00f1os es la capital de la Alcarria, Guadalajara. Soy socio de la Confederaci\u00f3n Espa\u00f1ola de Fotograf\u00eda, de La Federaci\u00f3n Levantina de Fotograf\u00eda y de La Agrupaci\u00f3n Fotogr\u00e1fica Alcarre\u00f1a, donde inici\u00e9 mi trayectoria en la d\u00e9cada de los ochenta descubriendo el mundo m\u00e1gico con el cu\u00e1l hab\u00eda so\u00f1ado desde peque\u00f1o a trav\u00e9s del cine, \u201cla fotograf\u00eda \u201c.<\/p>\n\n\n\n<p>Los inicios fueron dif\u00edciles y con muy pocos medios, pero con una gran ilusi\u00f3n por aprender que mantengo. Recuerdo con gran cari\u00f1o de esa \u00e9poca a muchos compa\u00f1eros, sobre todo a los m\u00e1s mayores que llevaban \u00abLa Agrupaci\u00f3n\u00bb, Antonio M\u00e1rquez, Santiago Bernal, el Pali, y otros. Siempre les estar\u00e9 agradecido por la enorme labor que realizaron en pos de la difusi\u00f3n de la fotograf\u00eda en nuestra regi\u00f3n.<\/p>\n\n\n\n<p>Gracias a \u00abLa Agrupaci\u00f3n\u00bb tuve la suerte de conocer y apreciar la obra de los mejores fot\u00f3grafos del momento a nivel nacional e internacional. Los que m\u00e1s influyeron en m\u00ed fueron los de La Escuela de Madrid: Gerardo Vielba, Paco G\u00f3mez, Juan Dolcet, Gabriel Cuallad\u00f3, Sigfrido de Guzm\u00e1n, Onta\u00f1\u00f3n, Massat y Fernando Gordillo que era el m\u00e1s joven de todos. Con \u00e9l tuve unos lazos muy fuertes de amistad y en el oficio fue un maestro para m\u00ed. Estos dieron un impulso a la fotograf\u00eda \u201cDocumentalista Intimista\u201d y aportaron una novedosa propuesta con un sello inconfundible de imaginaci\u00f3n y romanticismo que marc\u00f3 toda una \u00e9poca.<\/p>\n\n\n\n<p>En el 2014 se form\u00f3 el Grupo Fotogr\u00e1fico de Almenara, del cual soy socio desde sus inicios. All\u00ed, por tierras del Mediterr\u00e1neo, tuve la suerte de conocer a buenos amigos y no pude resistirme a formar parte de este ilusionante proyecto.<\/p>\n\n\n\n<p><\/p>\n\n\n\n<blockquote class=\"wp-block-quote is-layout-flow wp-block-quote-is-layout-flow\"><p><strong>La fotograf\u00eda forma parte de mi vida, me hace sentir libre, me ayuda a entender mejor la realidad que me rodea, a observar con criterio, a respetar a las personas, a emocionarme, a sentir la fragilidad del paso del tiempo, a concebir la luz como un sentimiento del cual no se puede dejar nunca de aprender y que est\u00e1 m\u00e1s all\u00e1 de toda t\u00e9cnica.<\/strong><\/p><\/blockquote>\n\n\n\n<p>Desde 1984 he realizado numerosas muestras individuales y colectivas en distintos puntos de la geograf\u00eda espa\u00f1ola.<\/p>\n\n\n\n<p>Algunas de estas muestras individuales son:<\/p>\n\n\n\n<ul><li>Agrupaci\u00f3n Fotogr\u00e1fica Alcarre\u00f1a. Guadalajara, 1984, 1994, 1997 y 2006. <\/li><li>Real&nbsp; Sociedad Fotogr\u00e1fica de Madrid, 1984. <\/li><li>Casa de la Cultura de Linares. Ja\u00e9n, 1984. <\/li><li>Sociedad Fotogr\u00e1fica de Guip\u00fazcoa. San Sebasti\u00e1n, 1985. <\/li><li>Agrupaci\u00f3n Fotogr\u00e1fica de La Rioja. Logro\u00f1o, 1985. <\/li><li>Agrupaci\u00f3n Fotogr\u00e1fica de Arag\u00f3n. Zaragoza, 1985. <\/li><li>Galer\u00eda Primer Plano. Barcelona, 1987. <\/li><li>Palacio Aguirre en la VII edici\u00f3n La Mar de M\u00fasicas. Cartagena, 2001. <\/li><li>Centro Cultural IberCaja. Guadalajara, 2001 y 2006. <\/li><li>Biblioteca P\u00fablica de La Puerta de Segura. Ja\u00e9n, 2001 y 2003. <\/li><li>Palacio de D\u00e1valos. Guadalajara, 2004. <\/li><li>Estudio \u201cLaura Dom\u00ednguez\u201d. Guadalajara, 2005. <\/li><li>Palacio La Lila. Oviedo. Asturias, 2007 y 2009. <\/li><li>Centro de Innovaci\u00f3n y Desarrollo del Alto Nal\u00f3n ( CIDAN) . Pola de Laviana, 2007. Asturias. <\/li><li>Centro de Informaci\u00f3n Juvenil. Sotrondio, 2007. Asturias. <\/li><li>Casa de la Cultura de Colunga. Asturias, 2008. <\/li><li>En las jornadas contra el Racismo y la Xenofobia, organizadas por el Ayto. de El Llano. Gij\u00f3n. Asturias, 2008. <\/li><li>En el CICA. Centro de Interpretaci\u00f3n de Cine en Asturias. Gij\u00f3n, 2009. <\/li><li>Casa de la Cultura de Cand\u00e1s. Asturias, 2009. <\/li><li>Centro Municipal Integrado Pumarin. Gij\u00f3n. 2009. <\/li><\/ul>\n\n\n\n<p><strong>Colectivas<\/strong>:<\/p>\n\n\n\n<ul><li> \u201cLa Cultura de Castilla-La Mancha y sus Ra\u00edces\u201d en&nbsp; 1984. Ministerio de Cultura. Palacio de Cristal. Madrid. <\/li><li> En&nbsp; 1985 &nbsp;en \u201c Los j\u00f3venes vistos por los j\u00f3venes\u201d. Ministerio de Cultura. Madrid. <\/li><li> En&nbsp; 1992&nbsp; la exposici\u00f3n&nbsp; de&nbsp; \u201c Artes Pl\u00e1sticas de Castilla-La Mancha\u201d por La Junta de Comunidades. Toledo. <\/li><li> En \u201cLa Fotograf\u00eda Espa\u00f1ola del 92\u201d de la Diputaci\u00f3n de Soria. <\/li><li> Con La Fundaci\u00f3n UniCaja en el a\u00f1o 2001,2002 y 2004 en las localidades de: Almer\u00eda, Antequera, M\u00e1laga, Ronda, Melilla, V\u00e9lez-M\u00e1laga, Ben\u00e1lmadena, C\u00e1diz, Torrej\u00f3n de Ardoz, San Sebasti\u00e1n de Los Reyes. <\/li><li> En el II- Certamen Andaluz de Fotograf\u00eda, 2001. UFCA. Algeciras. <\/li><li> Con La Fundaci\u00f3n Caja Rural de Ja\u00e9n: Culturas e Identidades 2009, en Ja\u00e9n, Porcuna y Bail\u00e9n. <\/li><\/ul>\n\n\n\n<p><strong>Entre otros reconocimientos puedo destacar:<\/strong><\/p>\n\n\n\n<ul><li> Primer premio nacional de fotograf\u00eda Tom\u00e1s Camarillo, 1983. Diputaci\u00f3n de Guadalajara. <\/li><li> Primer premio XLIII&nbsp; Concurso Provincial de Fotograf\u00eda de la Agrupaci\u00f3n&nbsp; Fotogr\u00e1fica Alcarre\u00f1a, 1984. Guadalajara. <\/li><li> Primer premio de Fotograf\u00eda en Artes Pl\u00e1sticas, Junta de Comunidades Castilla-La Mancha, 1991. Toledo. <\/li><li> Medalla Gaud\u00ed en la VIII- Muestra Estatal de Arte Fotogr\u00e1fico Contempor\u00e1neo, 1994. Ayuntamiento de Reus. Barcelona. <\/li><li> Segundo premio nacional de fotograf\u00eda Tom\u00e1s Camarillo, 1996. Diputaci\u00f3n de Guadalajara. <\/li><li> Acc\u00e9sit en el VI Certamen Nacional de Fotograf\u00eda Fundaci\u00f3n Unicaja, 2000. Almer\u00eda. <\/li><li> Primer premio de fotograf\u00eda \u201c Ferias y Fiestas \u201c, 2003. Ayuntamiento de Guadalajara. <\/li><li> Primer premio \u201c Fototuristik@ \u201c por la Asociaci\u00f3n de Periodistas y Escritores de Turismo, 2003. Fitur. Madrid. <\/li><li> Primer premio fotogr\u00e1fico \u201c Enfoca la sierra de Segura \u201c por la Asociaci\u00f3n para el Desarrollo Rural de la sierra de Segura, 2004. Ja\u00e9n. <\/li><li> Primer premio en el X certamen nacional de fotograf\u00eda Taboracrom ciudad de Talavera-2006. <\/li><li> Premio Provincia de Guadalajara de Fotograf\u00eda-2006.Diputaci\u00f3n provincial. Premio Especial al conjunto de fotograf\u00edas \u201c Nuestras Gentes de Guadalajara\u201d. <\/li><li> Obra seleccionada y adquirida en el 51 Concurso Nacional de Fotograf\u00eda \u201cAbeja de Oro \u201c 2006, por La Agrupaci\u00f3n Fotogr\u00e1fica de Guadalajara. <\/li><li> Premio a la mejor Fotograf\u00eda&nbsp; en el 51 Concurso Provincial de Fotograf\u00eda 2007, por la Agrupaci\u00f3n Fotogr\u00e1fica de Guadalajara. <\/li><li> Acc\u00e9sit y obra adquirida en el XXII Concurso Nacional de Fotograf\u00eda&nbsp; Ciudad de \u00dabeda, 2007 por la Agrupaci\u00f3n Fotogr\u00e1fica. Ja\u00e9n. <\/li><li> Colecci\u00f3n reserva, seleccionada y obra adquirida en el 52 Concurso Nacional de Fotograf\u00eda \u201cAbeja de Oro \u201c 2007, por La Agrupaci\u00f3n Fotogr\u00e1fica de Guadalajara. <\/li><\/ul>\n\n\n\n<p><strong>Tengo obra expuesta tambi\u00e9n en:<\/strong><\/p>\n\n\n\n<ul><li> Museo Internacional de Fotograf\u00eda Contempor\u00e1nea. Cerdanyola del Vall\u00e9s. <\/li><\/ul>\n\n\n\n<p>Barcelona.<\/p>\n\n\n\n<ul><li> En el Instituto Municipal de Arte Contempor\u00e1neo. Reus. Barcelona. <\/li><li> Agrupaci\u00f3n Fotogr\u00e1fica Alcarre\u00f1a. Guadalajara. <\/li><li> Excma. Diputaci\u00f3n Provincial. Guadalajara. <\/li><li> Excmo. Ayuntamiento de Guadalajara. <\/li><li> Centro Socio Cultural de IberCaja. Guadalajara. <\/li><li> Excmo. Ayuntamiento de La Puerta de Segura. Ja\u00e9n. <\/li><li> Museo de Fotograf\u00eda. Torreblasco Pedro. Ja\u00e9n. <\/li><li> Fundaci\u00f3n Unicaja. Almer\u00eda. <\/li><li> Junta de Comunidades de Castilla-La Mancha. Toledo. <\/li><li> Excmo. Ayuntamiento de \u00dabeda. Ja\u00e9n. <\/li><li> M\u00e9dicos Mundi. Oviedo. <\/li><li> Y en numerosas colecciones privadas. <\/li><\/ul>\n\n\n\n<p><strong>Publicaciones:<\/strong><\/p>\n\n\n\n<p>Revistas como Arte Fotogr\u00e1fico, Foto, Piedra del Milano, y otras.<\/p>\n\n\n\n<p>Libros y Cat\u00e1logos:<br>&#8211; 1984&nbsp; \u201c La Cultura de Castilla-La Mancha \u201c. Ministerio de Cultura. Madrid.<br>&#8211; 1985&nbsp; \u201c Los j\u00f3venes vistos por los j\u00f3venes \u201c. Ministerio de Cultura. Madrid.<br>&#8211; 1986&nbsp; \u201c Autos, loas y sainetes \u201c. Diputaci\u00f3n Provincial. Guadalajara.<br>&#8211; 1986&nbsp; \u201c Encuentros en defensa de la naturaleza \u201c. Junta de Castilla-La Mancha y Ayuntamiento de Daimiel.<br>&#8211; 1991&nbsp; \u201c V Premios de Artes Pl\u00e1sticas \u201c. Junta Castilla-La Mancha. Toledo.<br>&#8211;&nbsp; 1992&nbsp; \u201c La Fotograf\u00eda Espa\u00f1ola del 92 \u201c. Diputaci\u00f3n de Soria.<br>&#8211; 1997&nbsp; \u201c Guadalajara qu\u00e9 guapa es \u201c. Supermercado Gelco.<br>&#8211; 2000&nbsp;&nbsp; \u201c XVII Concurso Fotogr\u00e1fico Nacional \u201c. Diputaci\u00f3n Provincial. Cuenca.<br>&#8211; 2001&nbsp; \u201c II Certamen Andaluz de Fotograf\u00eda Contempor\u00e1nea \u201c. UFCA. Algeciras.<br>&#8211; 2003&nbsp; \u201c Historia del Arte de Castilla-La Mancha en el Siglo XX \u201c. Junta de Castilla-La Mancha. Toledo.<br>&#8211; 2006&nbsp; \u201c 51 Abeja de Oro \u201c por La Agrupaci\u00f3n Fotogr\u00e1fica de Guadalajara.<br>&#8211; 2007&nbsp; \u201c 52 Abeja de Oro\u201d por La Agrupaci\u00f3n Fotogr\u00e1fica de Guadalajara.<br>&#8211; 2007&nbsp; \u201c XXII Concurso Nacional de Fotograf\u00eda, Ciudad de \u00dabeda. Ja\u00e9n.<br>&#8211; 2009&nbsp; Revista De Cine Asturias.<\/p>\n\n\n\n<p><strong>Libros de Autor :<\/strong><br>IM\u00c1GENES DE UN PUEBLO. HUETOS. A\u00f1o: 1999.Editado: Asociaci\u00f3n Cultural Huetos. Guadalajara.Ejemplares: 2000 uds.<br>KARANGASSO. Mal\u00ed. \u00c1frica del Oeste.A\u00f1o:&nbsp; 2001.Editado: Comunidad Aut\u00f3noma de La Regi\u00f3n de Murcia.<br>UN RINC\u00d3N AL SUR.A\u00f1o: 2004. Editado: Ayuntamiento de La Puerta de Segura. Ja\u00e9n. Ejemplares: 1000 uds.<br>ENTRE LA SABANA Y EL R\u00cdO N\u00cdGER. A\u00f1o: 2006. Editado: Alvarg\u00f3mez Gesti\u00f3n Inmobiliaria. Ejemplares: 1000 uds.<br>AHORITA VUELVO, BOLIVIA. A\u00f1o: 2009. Editado: Medicus Mundi Asturias. Ejemplares: 1000 uds.<\/p>\n","protected":false},"excerpt":{"rendered":"<p>Nac\u00ed en 1957, en La Puerta de Segura, Ja\u00e9n. Mi residencia desde hace m\u00e1s de cuarenta a\u00f1os es la capital de la Alcarria, Guadalajara. Soy socio de la Confederaci\u00f3n Espa\u00f1ola de Fotograf\u00eda, de La Federaci\u00f3n Levantina de Fotograf\u00eda y de La Agrupaci\u00f3n Fotogr\u00e1fica Alcarre\u00f1a, donde inici\u00e9 mi trayectoria en la d\u00e9cada de los ochenta descubriendo&hellip; <a class=\"more-link\" href=\"https:\/\/artetipo.es\/WEBOUT\/antoniodamian\/sobre-mi\/\">Read More\u2026<\/a><\/p>\n","protected":false},"author":1,"featured_media":86,"parent":0,"menu_order":0,"comment_status":"closed","ping_status":"closed","template":"","meta":{"_genesis_hide_title":false,"_genesis_hide_breadcrumbs":false,"_genesis_hide_singular_image":false,"_genesis_hide_footer_widgets":false,"_genesis_custom_body_class":"","_genesis_custom_post_class":"","_genesis_layout":"","footnotes":""},"_links":{"self":[{"href":"https:\/\/artetipo.es\/WEBOUT\/antoniodamian\/wp-json\/wp\/v2\/pages\/29"}],"collection":[{"href":"https:\/\/artetipo.es\/WEBOUT\/antoniodamian\/wp-json\/wp\/v2\/pages"}],"about":[{"href":"https:\/\/artetipo.es\/WEBOUT\/antoniodamian\/wp-json\/wp\/v2\/types\/page"}],"author":[{"embeddable":true,"href":"https:\/\/artetipo.es\/WEBOUT\/antoniodamian\/wp-json\/wp\/v2\/users\/1"}],"replies":[{"embeddable":true,"href":"https:\/\/artetipo.es\/WEBOUT\/antoniodamian\/wp-json\/wp\/v2\/comments?post=29"}],"version-history":[{"count":8,"href":"https:\/\/artetipo.es\/WEBOUT\/antoniodamian\/wp-json\/wp\/v2\/pages\/29\/revisions"}],"predecessor-version":[{"id":131,"href":"https:\/\/artetipo.es\/WEBOUT\/antoniodamian\/wp-json\/wp\/v2\/pages\/29\/revisions\/131"}],"wp:featuredmedia":[{"embeddable":true,"href":"https:\/\/artetipo.es\/WEBOUT\/antoniodamian\/wp-json\/wp\/v2\/media\/86"}],"wp:attachment":[{"href":"https:\/\/artetipo.es\/WEBOUT\/antoniodamian\/wp-json\/wp\/v2\/media?parent=29"}],"curies":[{"name":"wp","href":"https:\/\/api.w.org\/{rel}","templated":true}]}}